{"id":1205,"date":"2023-07-04T06:59:36","date_gmt":"2023-07-04T06:59:36","guid":{"rendered":"https:\/\/greenvetchoices.eu\/project-results\/"},"modified":"2024-07-26T09:32:48","modified_gmt":"2024-07-26T09:32:48","slug":"project-results","status":"publish","type":"page","link":"https:\/\/greenvetchoices.eu\/de\/project-results\/","title":{"rendered":"Projektergebnisse"},"content":{"rendered":"<div>\n<p>        <img decoding=\"async\" src=\"\/wp-content\/uploads\/2022\/03\/outputs.png\" alt=\"\"><\/p>\n<h3>Projektergebnisse<\/h3>\n<div>\n<ol>\n<li style=\"list-style-type: none;\">\n<ol style=\"padding-left: 0;\">\n<li><span><strong>Green VET Choices Forschungsbericht<\/strong> \u2013 Eine Bewertung gr\u00fcner Lehrberufe und Ausbildungsm\u00f6glichkeiten unter Ber\u00fccksichtigung nationaler Gegebenheiten und klimatischer Herausforderungen.<br \/>\n<\/span><\/li>\n<\/ol>\n<\/li>\n<\/ol>\n<p><a href=\"https:\/\/greenvetchoices.eu\/wp-content\/uploads\/2023\/05\/Green-VET-Choices-Transnational-Survey-Report_final.pdf\" class=\"uk-margin-right uk-button uk-button-primary\">Forschungsbericht<\/a><a href=\"https:\/\/greenvetchoices.eu\/wp-content\/uploads\/2024\/07\/Green-VET-Choices-Executive-Summary-Transnational-Survey-Report_DE.pdf\" class=\"uk-button uk-button-primary\">Kurzfassung<\/a><\/p>\n<ol start=\"2\">\n<li><strong>Green VET Choices Virtuelles Portal<\/strong> &#8211; Eine offene und partizipative Lernumgebung, die einen motivierenden Storytelling-Ansatz verwendet, um User zu bef\u00e4higen, ihre eigenen Entscheidungen zu treffen und mehr \u00fcber gr\u00fcne Berufe zu erfahren.\u00a0<\/li>\n<\/ol>\n<p>    <a href=\"https:\/\/elearning.greenvetchoices.eu\/\" target=\"_blank\" class=\"uk-margin-right uk-button uk-button-primary\">Virtual Portal<\/a><\/p>\n<ol start=\"3\">\n<li><strong>Green VET Choices Digitales Modell<\/strong> &#8211; Umfasst eine Fachzeitschrift und eine Videosammlung, in der die im Projekt angewandten innovativen Methoden und didaktischen Konzepte vorgestellt und Leitartikel von Experten pr\u00e4sentiert werden.<\/li>\n<\/ol>\n<p><a href=\"https:\/\/greenvetchoices.eu\/de\/digital-model\" target=\"_blank\" class=\"uk-margin-right uk-button uk-button-primary\" rel=\"noopener\">Mehr erfahren<\/a><\/p>\n<\/div>\n<\/div>\n<p><!--more--><br \/>\n<!-- {\"type\":\"layout\",\"children\":[{\"type\":\"section\",\"props\":{\"style\":\"default\",\"width\":\"default\",\"vertical_align\":\"middle\",\"title_position\":\"top-left\",\"title_rotation\":\"left\",\"title_breakpoint\":\"xl\",\"image_position\":\"center-center\",\"animation\":\"slide-bottom\",\"animation_delay\":\"200\",\"padding_remove_top\":true},\"children\":[{\"type\":\"row\",\"children\":[{\"type\":\"column\",\"props\":{\"position_sticky_breakpoint\":\"m\",\"image_position\":\"center-center\",\"media_overlay_gradient\":\"\"},\"children\":[{\"type\":\"panel\",\"props\":{\"link_text\":\"Read more\",\"title_hover_style\":\"reset\",\"title_element\":\"h3\",\"title_align\":\"top\",\"title_grid_width\":\"1-2\",\"title_grid_breakpoint\":\"m\",\"meta_style\":\"meta\",\"meta_align\":\"below-title\",\"meta_element\":\"div\",\"content_column_breakpoint\":\"m\",\"icon_width\":80,\"image_align\":\"right\",\"image_grid_width\":\"1-3\",\"image_grid_breakpoint\":\"m\",\"image_svg_color\":\"emphasis\",\"link_style\":\"primary\",\"margin\":\"default\",\"title\":\"Projektergebnisse\",\"content\":\"\n\n<ol>\\n\n\n<li style=\\\"list-style-type: none;\\\">\\n\n\n<ol style=\\\"padding-left: 0;\\\">\\n\n\n<li><span><strong>Green VET Choices Forschungsbericht<\\\/strong> \\u2013 Eine Bewertung gr\\u00fcner Lehrberufe und Ausbildungsm\\u00f6glichkeiten unter Ber\\u00fccksichtigung nationaler Gegebenheiten und klimatischer Herausforderungen.\\n<\\\/span><\\\/li>\\n<\\\/ol>\\n<\\\/li>\\n<\\\/ol>\\n\n\n<p><a href=\\\"https:\\\/\\\/greenvetchoices.eu\\\/wp-content\\\/uploads\\\/2023\\\/05\\\/Green-VET-Choices-Transnational-Survey-Report_final.pdf\\\" class=\\\"uk-margin-right uk-button uk-button-primary\\\">Forschungsbericht<\\\/a><a href=\\\"https:\\\/\\\/greenvetchoices.eu\\\/wp-content\\\/uploads\\\/2024\\\/07\\\/Green-VET-Choices-Executive-Summary-Transnational-Survey-Report_DE.pdf\\\" class=\\\"uk-button uk-button-primary\\\">Kurzfassung<\\\/a><\\\/p>\\n\n\n<ol start=\\\"2\\\">\\n\n\n<li><strong>Green VET Choices Virtuelles Portal<\\\/strong> - Eine offene und partizipative Lernumgebung, die einen motivierenden Storytelling-Ansatz verwendet, um User zu bef\\u00e4higen, ihre eigenen Entscheidungen zu treffen und mehr \\u00fcber gr\\u00fcne Berufe zu erfahren.\\u00a0<\\\/li>\\n\\n<\\\/ol>\\n\n\n<p>    <a href=\\\"https:\\\/\\\/elearning.greenvetchoices.eu\\\/\\\" target=\\\"_blank\\\" class=\\\"uk-margin-right uk-button uk-button-primary\\\">Virtual Portal<\\\/a><\\\/p>\\n\n\n<ol start=\\\"3\\\">\\n\n\n<li><strong>Green VET Choices Digitales Modell<\\\/strong> - Umfasst eine Fachzeitschrift und eine Videosammlung, in der die im Projekt angewandten innovativen Methoden und didaktischen Konzepte vorgestellt und Leitartikel von Experten pr\\u00e4sentiert werden.<\\\/li>\\n<\\\/ol>\\n\n\n<p><a href=\\\"https:\\\/\\\/greenvetchoices.eu\\\/de\\\/digital-model\\\" target=\\\"_blank\\\" class=\\\"uk-margin-right uk-button uk-button-primary\\\" rel=\\\"noopener\\\">Mehr erfahren<\\\/a><\\\/p>\",\"image\":\"wp-content\\\/uploads\\\/2022\\\/03\\\/outputs.png\",\"title_color\":\"success\",\"link\":\"\",\"css\":\".el-title {color:#000 !important}\\n.el-image{max-width:200px;}\\n.uk-width-1-3\\\\@m.uk-flex-last\\\\@m{text-align:center;display:flex;justify-content:center;\\nalign-items:center;}\\n\\n\"},\"name\":\"right-image-panel\"}]}]}],\"name\":\"project-results\"}],\"version\":\"2.7.26\"} --><\/p>\n","protected":false},"excerpt":{"rendered":"<p>Projektergebnisse Green VET Choices Forschungsbericht \u2013 Eine Bewertung gr\u00fcner Lehrberufe und Ausbildungsm\u00f6glichkeiten unter Ber\u00fccksichtigung nationaler Gegebenheiten und klimatischer Herausforderungen. ForschungsberichtKurzfassung Green VET Choices Virtuelles Portal..<\/p>\n","protected":false},"author":1,"featured_media":0,"parent":0,"menu_order":0,"comment_status":"closed","ping_status":"closed","template":"","meta":{"_acf_changed":false,"inline_featured_image":false,"footnotes":""},"class_list":["post-1205","page","type-page","status-publish","hentry"],"acf":[],"_links":{"self":[{"href":"https:\/\/greenvetchoices.eu\/de\/wp-json\/wp\/v2\/pages\/1205","targetHints":{"allow":["GET"]}}],"collection":[{"href":"https:\/\/greenvetchoices.eu\/de\/wp-json\/wp\/v2\/pages"}],"about":[{"href":"https:\/\/greenvetchoices.eu\/de\/wp-json\/wp\/v2\/types\/page"}],"author":[{"embeddable":true,"href":"https:\/\/greenvetchoices.eu\/de\/wp-json\/wp\/v2\/users\/1"}],"replies":[{"embeddable":true,"href":"https:\/\/greenvetchoices.eu\/de\/wp-json\/wp\/v2\/comments?post=1205"}],"version-history":[{"count":3,"href":"https:\/\/greenvetchoices.eu\/de\/wp-json\/wp\/v2\/pages\/1205\/revisions"}],"predecessor-version":[{"id":1431,"href":"https:\/\/greenvetchoices.eu\/de\/wp-json\/wp\/v2\/pages\/1205\/revisions\/1431"}],"wp:attachment":[{"href":"https:\/\/greenvetchoices.eu\/de\/wp-json\/wp\/v2\/media?parent=1205"}],"curies":[{"name":"wp","href":"https:\/\/api.w.org\/{rel}","templated":true}]}}