{"id":639,"date":"2022-02-24T14:11:37","date_gmt":"2022-02-24T14:11:37","guid":{"rendered":"https:\/\/greenvetchoices.eu\/home\/"},"modified":"2024-04-09T09:16:21","modified_gmt":"2024-04-09T09:16:21","slug":"home","status":"publish","type":"page","link":"https:\/\/greenvetchoices.eu\/de\/","title":{"rendered":"Start"},"content":{"rendered":"<h1>Bek\u00e4mpfung des Klimawandels und F\u00f6rderung von Innovationen durch Steigerung des Interesses an \u201egr\u00fcnen\u201c Ausbildungsberufen mithilfe von digitalem Storytelling<\/h1>\n<p>\n    <a href=\"\/de\/about\">Mehr erfahren\n\n<\/a>\n<\/p>\n<p><img decoding=\"async\" src=\"\/wp-content\/uploads\/2022\/03\/hero-svg-green.png\" alt=\"\"><\/p>\n<div>\n<p>        <img decoding=\"async\" src=\"\/wp-content\/uploads\/2022\/03\/Asset-3.png\" alt=\"\"><\/p>\n<h2>E-Learning<\/h2>\n<div>\n<p>Das Virtuelel Green VET Choices Portal ist als eine offene und partizipative Lernumgebung konzipiert, die einen motivierenden Storytelling-Ansatz verwendet, um User beim Treffen eigener Entscheidungen zu unterst\u00fctzen und ihnen mehr \u00fcber \u201egr\u00fcne\u201c Berufe n\u00e4herzubringen. Digitale F\u00e4higkeiten und Kompetenzen werden durch spannende Geschichten gef\u00f6rdert, bei denen Nutzer zu einem individuellen Ende der Geschichte gelangen und geeignete Lernergebnisse sowie eine Validierung durch Badges und ein System zur Berufsberatung mit einer Zusammenstellung von M\u00f6glichkeiten und Optionen in \u201egr\u00fcnen\u201c Ausbildungsberufen erhalten. Das Visual Portal wird auch als App-Version verf\u00fcgbar sein.<\/p>\n<\/div>\n<p><a href=\"https:\/\/elearning.greenvetchoices.eu\/de\/\">Mehr erfahren\n\n<\/a><\/p>\n<\/div>\n<h2>News<\/h2>\n<div>\n<\/div>\n<p>\n    <a href=\"https:\/\/greenvetchoices.eu\/de\/category\/news-de\/\">Alle News ansehen\n\n<\/a>\n<\/p>\n<p><!--more--><br \/>\n<!-- {\"type\":\"layout\",\"children\":[{\"type\":\"section\",\"props\":{\"style\":\"default\",\"width\":\"default\",\"vertical_align\":\"middle\",\"title_position\":\"top-left\",\"title_rotation\":\"left\",\"title_breakpoint\":\"xl\",\"image_position\":\"center-center\",\"css\":\".el-section{background-color:#4968AF;}\",\"animation\":\"fade\",\"animation_delay\":\"200\"},\"children\":[{\"type\":\"row\",\"props\":{\"layout\":\"1-2,1-2\"},\"children\":[{\"type\":\"column\",\"props\":{\"position_sticky_breakpoint\":\"m\",\"image_position\":\"center-center\",\"media_overlay_gradient\":\"\",\"width_medium\":\"1-2\",\"order_first\":\"l\",\"vertical_align\":\"middle\"},\"children\":[{\"type\":\"headline\",\"props\":{\"title_element\":\"h1\",\"title_color\":\"success\",\"content\":\"Bek\\u00e4mpfung des Klimawandels und F\\u00f6rderung von Innovationen durch Steigerung des Interesses an \\u201egr\\u00fcnen\\u201c Ausbildungsberufen mithilfe von digitalem Storytelling\",\"title_style\":\"h2\",\"css\":\".el-element{color:#fff !important;}\"}},{\"type\":\"button\",\"props\":{\"grid_column_gap\":\"small\",\"grid_row_gap\":\"small\",\"margin\":\"default\"},\"children\":[{\"type\":\"button_item\",\"props\":{\"button_style\":\"primary\",\"icon_align\":\"left\",\"content\":\"[readmore_text]\",\"link\":\"\\\/de\\\/about\"}}]}]},{\"type\":\"column\",\"props\":{\"position_sticky_breakpoint\":\"m\",\"image_position\":\"center-center\",\"media_overlay_gradient\":\"\",\"width_medium\":\"1-2\",\"order_first\":\"xs\"},\"children\":[{\"type\":\"image\",\"props\":{\"margin\":\"default\",\"image_svg_color\":\"emphasis\",\"image\":\"wp-content\\\/uploads\\\/2022\\\/03\\\/hero-svg-green.png\",\"text_align\":\"center\",\"animation\":\"slide-right\",\"css\":\".el-image{max-width:350px;}\"}}]}]}]},{\"type\":\"section\",\"props\":{\"style\":\"default\",\"width\":\"\",\"vertical_align\":\"middle\",\"title_position\":\"top-left\",\"title_rotation\":\"left\",\"title_breakpoint\":\"xl\",\"image_position\":\"center-center\",\"padding\":\"small\",\"padding_remove_top\":true,\"animation\":\"slide-bottom\",\"animation_delay\":\"00\"},\"children\":[{\"type\":\"row\",\"children\":[{\"type\":\"column\",\"props\":{\"position_sticky_breakpoint\":\"m\",\"image_position\":\"center-center\",\"media_overlay_gradient\":\"\"},\"children\":[{\"type\":\"panel\",\"props\":{\"link_text\":\"[readmore_text]\",\"title_hover_style\":\"reset\",\"title_element\":\"h2\",\"title_align\":\"top\",\"title_grid_width\":\"1-2\",\"title_grid_breakpoint\":\"m\",\"meta_style\":\"meta\",\"meta_align\":\"below-title\",\"meta_element\":\"div\",\"content_column_breakpoint\":\"m\",\"icon_width\":80,\"image_align\":\"left\",\"image_grid_width\":\"1-2\",\"image_grid_breakpoint\":\"m\",\"image_svg_color\":\"emphasis\",\"link_style\":\"primary\",\"margin\":\"default\",\"title\":\"E-Learning\",\"content\":\"\n\n<p>Das Virtuelel Green VET Choices Portal ist als eine offene und partizipative Lernumgebung konzipiert, die einen motivierenden Storytelling-Ansatz verwendet, um User beim Treffen eigener Entscheidungen zu unterst\\u00fctzen und ihnen mehr \\u00fcber \\u201egr\\u00fcne\\u201c Berufe n\\u00e4herzubringen. Digitale F\\u00e4higkeiten und Kompetenzen werden durch spannende Geschichten gef\\u00f6rdert, bei denen Nutzer zu einem individuellen Ende der Geschichte gelangen und geeignete Lernergebnisse sowie eine Validierung durch Badges und ein System zur Berufsberatung mit einer Zusammenstellung von M\\u00f6glichkeiten und Optionen in \\u201egr\\u00fcnen\\u201c Ausbildungsberufen erhalten. Das Visual Portal wird auch als App-Version verf\\u00fcgbar sein.<\\\/p>\",\"image\":\"wp-content\\\/uploads\\\/2022\\\/03\\\/Asset-3.png\",\"title_color\":\"success\",\"link\":\"https:\\\/\\\/elearning.greenvetchoices.eu\\\/de\\\/\",\"css\":\".el-image{background:#68B54F; padding:30px; }\\n.el-content {padding-top:30px;padding-bottom:30px;}\\n.uk-margin-remove-first-child{padding:30px; display:flex; flex-direction: column; vertical-align:middle;}\\n\",\"animation\":\"slide-bottom\",\"link_target\":true},\"name\":\"left-image-panel\"}]}]}]},{\"type\":\"section\",\"props\":{\"style\":\"default\",\"width\":\"default\",\"vertical_align\":\"middle\",\"title_position\":\"top-left\",\"title_rotation\":\"left\",\"title_breakpoint\":\"xl\",\"image_position\":\"center-center\",\"padding\":\"small\",\"animation\":\"slide-bottom\",\"animation_delay\":\"200\"},\"children\":[{\"type\":\"row\",\"children\":[{\"type\":\"column\",\"props\":{\"position_sticky_breakpoint\":\"m\",\"image_position\":\"center-center\",\"media_overlay_gradient\":\"\"},\"children\":[{\"type\":\"headline\",\"props\":{\"title_element\":\"h2\",\"title_style\":\"h2\",\"title_color\":\"success\",\"text_align\":\"center\",\"content\":\"[news_header]\"}},{\"type\":\"grid\",\"props\":{\"show_title\":true,\"show_meta\":true,\"show_content\":true,\"show_image\":true,\"show_link\":true,\"grid_default\":\"1\",\"grid_medium\":\"3\",\"filter_style\":\"tab\",\"filter_all\":true,\"filter_position\":\"top\",\"filter_align\":\"left\",\"filter_grid_width\":\"auto\",\"filter_grid_breakpoint\":\"m\",\"title_hover_style\":\"reset\",\"title_element\":\"h3\",\"title_align\":\"top\",\"title_grid_width\":\"1-2\",\"title_grid_breakpoint\":\"m\",\"meta_style\":\"meta\",\"meta_align\":\"below-title\",\"meta_element\":\"div\",\"content_column_breakpoint\":\"m\",\"icon_width\":80,\"image_align\":\"top\",\"image_grid_width\":\"1-2\",\"image_grid_breakpoint\":\"m\",\"image_svg_color\":\"emphasis\",\"link_text\":\"\",\"link_style\":\"secondary\",\"margin\":\"default\",\"item_animation\":true,\"panel_style\":\"card-default\",\"class\":\"news-grid\",\"panel_link\":true},\"children\":[{\"type\":\"grid_item\",\"props\":{\"link_text\":\"\"},\"source\":{\"query\":{\"name\":\"posts.customPosts\",\"arguments\":{\"terms\":[],\"category_operator\":\"IN\",\"post_tag_operator\":\"IN\",\"users\":[],\"users_operator\":\"IN\",\"offset\":0,\"limit\":10,\"order\":\"date\",\"order_direction\":\"DESC\"}},\"props\":{\"title\":{\"filters\":{\"search\":\"\"},\"name\":\"title\"},\"content\":{\"filters\":{\"search\":\"\"},\"name\":\"excerpt\"},\"image\":{\"filters\":{\"search\":\"\"},\"name\":\"featuredImage.url\"},\"link\":{\"filters\":{\"search\":\"\"},\"name\":\"link\"}}}}]},{\"type\":\"button\",\"props\":{\"grid_column_gap\":\"small\",\"grid_row_gap\":\"small\",\"margin\":\"default\",\"text_align\":\"center\"},\"children\":[{\"type\":\"button_item\",\"props\":{\"button_style\":\"primary\",\"icon_align\":\"left\",\"content\":\"[all_news_header]\",\"link\":\"https:\\\/\\\/greenvetchoices.eu\\\/de\\\/category\\\/news-de\\\/\"}}]}]}]}]}],\"version\":\"2.7.26\"} --><\/p>\n","protected":false},"excerpt":{"rendered":"<p>Bek\u00e4mpfung des Klimawandels und F\u00f6rderung von Innovationen durch Steigerung des Interesses an \u201egr\u00fcnen\u201c Ausbildungsberufen mithilfe von digitalem Storytelling E-Learning Das Virtuelel Green VET Choices Portal..<\/p>\n","protected":false},"author":1,"featured_media":0,"parent":0,"menu_order":0,"comment_status":"closed","ping_status":"closed","template":"","meta":{"_acf_changed":false,"inline_featured_image":false,"footnotes":""},"class_list":["post-639","page","type-page","status-publish","hentry"],"acf":[],"_links":{"self":[{"href":"https:\/\/greenvetchoices.eu\/de\/wp-json\/wp\/v2\/pages\/639","targetHints":{"allow":["GET"]}}],"collection":[{"href":"https:\/\/greenvetchoices.eu\/de\/wp-json\/wp\/v2\/pages"}],"about":[{"href":"https:\/\/greenvetchoices.eu\/de\/wp-json\/wp\/v2\/types\/page"}],"author":[{"embeddable":true,"href":"https:\/\/greenvetchoices.eu\/de\/wp-json\/wp\/v2\/users\/1"}],"replies":[{"embeddable":true,"href":"https:\/\/greenvetchoices.eu\/de\/wp-json\/wp\/v2\/comments?post=639"}],"version-history":[{"count":5,"href":"https:\/\/greenvetchoices.eu\/de\/wp-json\/wp\/v2\/pages\/639\/revisions"}],"predecessor-version":[{"id":1154,"href":"https:\/\/greenvetchoices.eu\/de\/wp-json\/wp\/v2\/pages\/639\/revisions\/1154"}],"wp:attachment":[{"href":"https:\/\/greenvetchoices.eu\/de\/wp-json\/wp\/v2\/media?parent=639"}],"curies":[{"name":"wp","href":"https:\/\/api.w.org\/{rel}","templated":true}]}}