{"id":650,"date":"2022-02-24T14:11:37","date_gmt":"2022-02-24T14:11:37","guid":{"rendered":"https:\/\/greenvetchoices.eu\/elearning\/"},"modified":"2024-04-09T09:18:26","modified_gmt":"2024-04-09T09:18:26","slug":"elearning","status":"publish","type":"page","link":"https:\/\/greenvetchoices.eu\/it\/elearning\/","title":{"rendered":"eLearning"},"content":{"rendered":"<h1>eLearning<\/h1>\n<div>\n<p>        <img decoding=\"async\" src=\"\/wp-content\/uploads\/2022\/03\/Asset-3.png\" alt=\"\"><\/p>\n<div>\n<p>Il Portale Virtuale Green VET Choices sar\u00e0 un ambiente di apprendimento aperto e partecipativo che utilizzer\u00e0 un approccio narrativo motivante per consentire agli utenti di prendere le proprie decisioni e saperne di pi\u00f9 sulle professioni cos\u00ecddette verdi. Le abilit\u00e0 e le competenze digitali saranno incoraggiate attraverso storie e tecniche di scenario basate sulle sfide, che portano gli utenti a creare loro stessi i finali delle storie e forniscono loro risultati di apprendimento appropriati, un quadro di convalida dei badge e un sistema di orientamento professionale con una raccolta di possibilit\u00e0 nelle professioni ecologiche dell\u2019IFP. Il Portale Virtuale sar\u00e0 disponibile anche in versione app.<\/p>\n<\/div>\n<p><a href=\"https:\/\/elearning.greenvetchoices.eu\/it\/\">Approfondisci\n\n<\/a><\/p>\n<\/div>\n<p><!--more--><br \/>\n<!-- {\"type\":\"layout\",\"children\":[{\"type\":\"section\",\"props\":{\"style\":\"default\",\"width\":\"default\",\"vertical_align\":\"middle\",\"title_position\":\"top-left\",\"title_rotation\":\"left\",\"title_breakpoint\":\"xl\",\"image_position\":\"center-center\",\"padding_remove_top\":true},\"children\":[{\"type\":\"row\",\"children\":[{\"type\":\"column\",\"props\":{\"position_sticky_breakpoint\":\"m\",\"image_position\":\"center-center\",\"media_overlay_gradient\":\"\"},\"children\":[{\"type\":\"headline\",\"props\":{\"title_element\":\"h1\",\"content\":\"eLearning\",\"title_color\":\"success\",\"class\":\"uk-h1\"}},{\"type\":\"panel\",\"props\":{\"link_text\":\"[readmore_text]\",\"title_hover_style\":\"reset\",\"title_element\":\"h3\",\"title_align\":\"top\",\"title_grid_width\":\"1-2\",\"title_grid_breakpoint\":\"m\",\"meta_style\":\"meta\",\"meta_align\":\"below-title\",\"meta_element\":\"div\",\"content_column_breakpoint\":\"m\",\"icon_width\":80,\"image_align\":\"left\",\"image_grid_width\":\"1-3\",\"image_grid_breakpoint\":\"m\",\"image_svg_color\":\"emphasis\",\"link_style\":\"primary\",\"margin\":\"default\",\"title\":\"\",\"content\":\"\n\n<p>Il Portale Virtuale Green VET Choices sar\\u00e0 un ambiente di apprendimento aperto e partecipativo che utilizzer\\u00e0 un approccio narrativo motivante per consentire agli utenti di prendere le proprie decisioni e saperne di pi\\u00f9 sulle professioni cos\\u00ecddette verdi. Le abilit\\u00e0 e le competenze digitali saranno incoraggiate attraverso storie e tecniche di scenario basate sulle sfide, che portano gli utenti a creare loro stessi i finali delle storie e forniscono loro risultati di apprendimento appropriati, un quadro di convalida dei badge e un sistema di orientamento professionale con una raccolta di possibilit\\u00e0 nelle professioni ecologiche dell\\u2019IFP. Il Portale Virtuale sar\\u00e0 disponibile anche in versione app.<\\\/p>\\n\",\"image\":\"wp-content\\\/uploads\\\/2022\\\/03\\\/Asset-3.png\",\"title_color\":\"success\",\"link\":\"https:\\\/\\\/elearning.greenvetchoices.eu\\\/it\\\/\",\"link_target\":true},\"name\":\"left-image-panel\"}]}]}]}],\"version\":\"2.7.26\"} --><\/p>\n","protected":false},"excerpt":{"rendered":"<p>eLearning Il Portale Virtuale Green VET Choices sar\u00e0 un ambiente di apprendimento aperto e partecipativo che utilizzer\u00e0 un approccio narrativo motivante per consentire agli utenti..<\/p>\n","protected":false},"author":1,"featured_media":0,"parent":0,"menu_order":0,"comment_status":"closed","ping_status":"closed","template":"","meta":{"_acf_changed":false,"inline_featured_image":false,"footnotes":""},"class_list":["post-650","page","type-page","status-publish","hentry"],"acf":[],"_links":{"self":[{"href":"https:\/\/greenvetchoices.eu\/it\/wp-json\/wp\/v2\/pages\/650","targetHints":{"allow":["GET"]}}],"collection":[{"href":"https:\/\/greenvetchoices.eu\/it\/wp-json\/wp\/v2\/pages"}],"about":[{"href":"https:\/\/greenvetchoices.eu\/it\/wp-json\/wp\/v2\/types\/page"}],"author":[{"embeddable":true,"href":"https:\/\/greenvetchoices.eu\/it\/wp-json\/wp\/v2\/users\/1"}],"replies":[{"embeddable":true,"href":"https:\/\/greenvetchoices.eu\/it\/wp-json\/wp\/v2\/comments?post=650"}],"version-history":[{"count":3,"href":"https:\/\/greenvetchoices.eu\/it\/wp-json\/wp\/v2\/pages\/650\/revisions"}],"predecessor-version":[{"id":1157,"href":"https:\/\/greenvetchoices.eu\/it\/wp-json\/wp\/v2\/pages\/650\/revisions\/1157"}],"wp:attachment":[{"href":"https:\/\/greenvetchoices.eu\/it\/wp-json\/wp\/v2\/media?parent=650"}],"curies":[{"name":"wp","href":"https:\/\/api.w.org\/{rel}","templated":true}]}}