{"id":1208,"date":"2023-07-04T06:59:36","date_gmt":"2023-07-04T06:59:36","guid":{"rendered":"https:\/\/greenvetchoices.eu\/project-results\/"},"modified":"2024-07-26T09:33:57","modified_gmt":"2024-07-26T09:33:57","slug":"project-results","status":"publish","type":"page","link":"https:\/\/greenvetchoices.eu\/pt-pt\/project-results\/","title":{"rendered":"Resultados do Projeto"},"content":{"rendered":"<div>\n<p>        <img decoding=\"async\" src=\"\/wp-content\/uploads\/2022\/03\/outputs.png\" alt=\"\"><\/p>\n<h3>Resultados do Projeto<\/h3>\n<div>\n<ol>\n<li style=\"list-style-type: none;\">\n<ol style=\"padding-left: 0;\">\n<li><span><strong>Relat\u00f3rio da pesquisa Green VET Choices<\/strong> \u2013 Uma avalia\u00e7\u00e3o das carreiras e oportunidades Green VET, levando em considera\u00e7\u00e3o as circunst\u00e2ncias nacionais e os desafios clim\u00e1ticos.<\/span><\/li>\n<\/ol>\n<\/li>\n<\/ol>\n<p><a href=\"https:\/\/greenvetchoices.eu\/wp-content\/uploads\/2023\/05\/Green-VET-Choices-Transnational-Survey-Report_final.pdf\" class=\"uk-margin-right uk-button uk-button-primary\">Relat\u00f3rio de pesquisa<\/a><a href=\"https:\/\/greenvetchoices.eu\/wp-content\/uploads\/2024\/07\/POR-Green-VET-Choices-Sumario-Executivo-Relatorio-de-Pesquisa-Transnacional_PT.pdf\" class=\"uk-button uk-button-primary\">Sum\u00e1rio Executivo<\/a><\/p>\n<ol start=\"2\">\n<li><strong>O Portal Virtual Green VET Choices<\/strong> &#8211; m ambiente de aprendizagem aberto e participativo que utiliza uma abordagem motivadora de narra\u00e7\u00e3o de hist\u00f3rias para capacitar os usu\u00e1rios a tomarem suas pr\u00f3prias decis\u00f5es e descobrirem mais sobre carreiras verdes. \u00a0<\/li>\n<\/ol>\n<p>    <a href=\"https:\/\/elearning.greenvetchoices.eu\/pt-pt\/\" target=\"_blank\" class=\"uk-margin-right uk-button uk-button-primary\">Portal Virtual<\/a><\/p>\n<ol start=\"3\">\n<li><strong>O Modelo Digital Green VET Choices<\/strong> &#8211; Inclui uma revista profissional e uma antologia de v\u00eddeos de segmentos-chave que introduzem as metodologias inovadoras e os conceitos did\u00e1ticos aplicados no projeto e apresentam artigos de especialistas.<\/li>\n<\/ol>\n<p><a href=\"https:\/\/greenvetchoices.eu\/pt-pt\/digital-model\" target=\"_blank\" class=\"uk-margin-right uk-button uk-button-primary\" rel=\"noopener\">Ver mais<\/a><\/p>\n<\/div>\n<\/div>\n<p><!--more--><br \/>\n<!-- {\"type\":\"layout\",\"children\":[{\"type\":\"section\",\"props\":{\"style\":\"default\",\"width\":\"default\",\"vertical_align\":\"middle\",\"title_position\":\"top-left\",\"title_rotation\":\"left\",\"title_breakpoint\":\"xl\",\"image_position\":\"center-center\",\"animation\":\"slide-bottom\",\"animation_delay\":\"200\",\"padding_remove_top\":true},\"children\":[{\"type\":\"row\",\"children\":[{\"type\":\"column\",\"props\":{\"position_sticky_breakpoint\":\"m\",\"image_position\":\"center-center\",\"media_overlay_gradient\":\"\"},\"children\":[{\"type\":\"panel\",\"props\":{\"link_text\":\"Read more\",\"title_hover_style\":\"reset\",\"title_element\":\"h3\",\"title_align\":\"top\",\"title_grid_width\":\"1-2\",\"title_grid_breakpoint\":\"m\",\"meta_style\":\"meta\",\"meta_align\":\"below-title\",\"meta_element\":\"div\",\"content_column_breakpoint\":\"m\",\"icon_width\":80,\"image_align\":\"right\",\"image_grid_width\":\"1-3\",\"image_grid_breakpoint\":\"m\",\"image_svg_color\":\"emphasis\",\"link_style\":\"primary\",\"margin\":\"default\",\"title\":\"Resultados do Projeto\",\"content\":\"\n\n<ol>\\n\n\n<li style=\\\"list-style-type: none;\\\">\\n\n\n<ol style=\\\"padding-left: 0;\\\">\\n\n\n<li><span><strong>Relat\\u00f3rio da pesquisa Green VET Choices<\\\/strong> \\u2013 Uma avalia\\u00e7\\u00e3o das carreiras e oportunidades Green VET, levando em considera\\u00e7\\u00e3o as circunst\\u00e2ncias nacionais e os desafios clim\\u00e1ticos.<\\\/span><\\\/li>\\n<\\\/ol>\\n<\\\/li>\\n<\\\/ol>\\n\n\n<p><a href=\\\"https:\\\/\\\/greenvetchoices.eu\\\/wp-content\\\/uploads\\\/2023\\\/05\\\/Green-VET-Choices-Transnational-Survey-Report_final.pdf\\\" class=\\\"uk-margin-right uk-button uk-button-primary\\\">Relat\\u00f3rio de pesquisa<\\\/a><a href=\\\"https:\\\/\\\/greenvetchoices.eu\\\/wp-content\\\/uploads\\\/2024\\\/07\\\/POR-Green-VET-Choices-Sumario-Executivo-Relatorio-de-Pesquisa-Transnacional_PT.pdf\\\" class=\\\"uk-button uk-button-primary\\\">Sum\\u00e1rio Executivo<\\\/a><\\\/p>\\n\n\n<ol start=\\\"2\\\">\\n\n\n<li><strong>O Portal Virtual Green VET Choices<\\\/strong> - m ambiente de aprendizagem aberto e participativo que utiliza uma abordagem motivadora de narra\\u00e7\\u00e3o de hist\\u00f3rias para capacitar os usu\\u00e1rios a tomarem suas pr\\u00f3prias decis\\u00f5es e descobrirem mais sobre carreiras verdes. \\u00a0<\\\/li>\\n\\n<\\\/ol>\\n\n\n<p>    <a href=\\\"https:\\\/\\\/elearning.greenvetchoices.eu\\\/pt-pt\\\/\\\" target=\\\"_blank\\\" class=\\\"uk-margin-right uk-button uk-button-primary\\\">Portal Virtual<\\\/a><\\\/p>\\n\n\n<ol start=\\\"3\\\">\\n\n\n<li><strong>O Modelo Digital Green VET Choices<\\\/strong> - Inclui uma revista profissional e uma antologia de v\\u00eddeos de segmentos-chave que introduzem as metodologias inovadoras e os conceitos did\\u00e1ticos aplicados no projeto e apresentam artigos de especialistas.<\\\/li>\\n<\\\/ol>\\n\n\n<p><a href=\\\"https:\\\/\\\/greenvetchoices.eu\\\/pt-pt\\\/digital-model\\\" target=\\\"_blank\\\" class=\\\"uk-margin-right uk-button uk-button-primary\\\" rel=\\\"noopener\\\">Ver mais<\\\/a><\\\/p>\",\"image\":\"wp-content\\\/uploads\\\/2022\\\/03\\\/outputs.png\",\"title_color\":\"success\",\"link\":\"\",\"css\":\".el-title {color:#000 !important}\\n.el-image{max-width:200px;}\\n.uk-width-1-3\\\\@m.uk-flex-last\\\\@m{text-align:center;display:flex;justify-content:center;\\nalign-items:center;}\\n\\n\"},\"name\":\"right-image-panel\"}]}]}],\"name\":\"project-results\"}],\"version\":\"2.7.26\"} --><\/p>\n","protected":false},"excerpt":{"rendered":"<p>Resultados do Projeto Relat\u00f3rio da pesquisa Green VET Choices \u2013 Uma avalia\u00e7\u00e3o das carreiras e oportunidades Green VET, levando em considera\u00e7\u00e3o as circunst\u00e2ncias nacionais e..<\/p>\n","protected":false},"author":1,"featured_media":0,"parent":0,"menu_order":0,"comment_status":"closed","ping_status":"closed","template":"","meta":{"_acf_changed":false,"inline_featured_image":false,"footnotes":""},"class_list":["post-1208","page","type-page","status-publish","hentry"],"acf":[],"_links":{"self":[{"href":"https:\/\/greenvetchoices.eu\/pt-pt\/wp-json\/wp\/v2\/pages\/1208","targetHints":{"allow":["GET"]}}],"collection":[{"href":"https:\/\/greenvetchoices.eu\/pt-pt\/wp-json\/wp\/v2\/pages"}],"about":[{"href":"https:\/\/greenvetchoices.eu\/pt-pt\/wp-json\/wp\/v2\/types\/page"}],"author":[{"embeddable":true,"href":"https:\/\/greenvetchoices.eu\/pt-pt\/wp-json\/wp\/v2\/users\/1"}],"replies":[{"embeddable":true,"href":"https:\/\/greenvetchoices.eu\/pt-pt\/wp-json\/wp\/v2\/comments?post=1208"}],"version-history":[{"count":4,"href":"https:\/\/greenvetchoices.eu\/pt-pt\/wp-json\/wp\/v2\/pages\/1208\/revisions"}],"predecessor-version":[{"id":1435,"href":"https:\/\/greenvetchoices.eu\/pt-pt\/wp-json\/wp\/v2\/pages\/1208\/revisions\/1435"}],"wp:attachment":[{"href":"https:\/\/greenvetchoices.eu\/pt-pt\/wp-json\/wp\/v2\/media?parent=1208"}],"curies":[{"name":"wp","href":"https:\/\/api.w.org\/{rel}","templated":true}]}}