{"id":1259,"date":"2023-07-04T06:49:33","date_gmt":"2023-07-04T06:49:33","guid":{"rendered":"https:\/\/greenvetchoices.eu\/survey-report\/"},"modified":"2024-07-26T09:34:09","modified_gmt":"2024-07-26T09:34:09","slug":"survey-report","status":"publish","type":"page","link":"https:\/\/greenvetchoices.eu\/pt-pt\/survey-report\/","title":{"rendered":"Relat\u00f3rio de pesquisa"},"content":{"rendered":"<h1>Green VET Choices Relat\u00f3rio de pesquisa<\/h1>\n<div>Uma avalia\u00e7\u00e3o das carreiras e oportunidades Green VET, levando em considera\u00e7\u00e3o as circunst\u00e2ncias nacionais e os desafios clim\u00e1ticos.<\/div>\n<ul>\n<li>\n        <a href=\"https:\/\/greenvetchoices.eu\/wp-content\/uploads\/2023\/05\/Green-VET-Choices-Transnational-Survey-Report_final.pdf\">Relat\u00f3rio de pesquisa<\/a>\n    <\/li>\n<li>\n        <a href=\"https:\/\/greenvetchoices.eu\/wp-content\/uploads\/2024\/07\/POR-Green-VET-Choices-Sumario-Executivo-Relatorio-de-Pesquisa-Transnacional_PT.pdf\">Sum\u00e1rio Executivo<\/a>\n    <\/li>\n<\/ul>\n<p><!--more--><br \/>\n<!-- {\"type\":\"layout\",\"children\":[{\"type\":\"section\",\"props\":{\"style\":\"default\",\"width\":\"default\",\"vertical_align\":\"middle\",\"title_position\":\"top-left\",\"title_rotation\":\"left\",\"title_breakpoint\":\"xl\",\"image_position\":\"center-center\",\"padding_remove_top\":true},\"children\":[{\"type\":\"row\",\"children\":[{\"type\":\"column\",\"props\":{\"position_sticky_breakpoint\":\"m\",\"image_position\":\"center-center\",\"media_overlay_gradient\":\"\"},\"children\":[{\"type\":\"headline\",\"props\":{\"title_element\":\"h1\",\"content\":\"Green VET Choices Relat\\u00f3rio de pesquisa\"}},{\"type\":\"text\",\"props\":{\"margin\":\"default\",\"column_breakpoint\":\"m\",\"content\":\"Uma avalia\\u00e7\\u00e3o das carreiras e oportunidades Green VET, levando em considera\\u00e7\\u00e3o as circunst\\u00e2ncias nacionais e os desafios clim\\u00e1ticos.\"}},{\"type\":\"button\",\"props\":{\"grid_column_gap\":\"small\",\"grid_row_gap\":\"small\",\"margin\":\"default\"},\"children\":[{\"type\":\"button_item\",\"props\":{\"button_style\":\"primary\",\"icon_align\":\"left\",\"content\":\"Relat\\u00f3rio de pesquisa\",\"link\":\"https:\\\/\\\/greenvetchoices.eu\\\/wp-content\\\/uploads\\\/2023\\\/05\\\/Green-VET-Choices-Transnational-Survey-Report_final.pdf\",\"link_target\":\"blank\"}},{\"type\":\"button_item\",\"props\":{\"button_style\":\"primary\",\"icon_align\":\"left\",\"link\":\"https:\\\/\\\/greenvetchoices.eu\\\/wp-content\\\/uploads\\\/2024\\\/07\\\/POR-Green-VET-Choices-Sumario-Executivo-Relatorio-de-Pesquisa-Transnacional_PT.pdf\",\"content\":\"Sum\\u00e1rio Executivo\",\"link_target\":\"blank\"}}]}]}]}]}],\"version\":\"2.7.26\"} --><\/p>\n","protected":false},"excerpt":{"rendered":"<p>Green VET Choices Relat\u00f3rio de pesquisa Uma avalia\u00e7\u00e3o das carreiras e oportunidades Green VET, levando em considera\u00e7\u00e3o as circunst\u00e2ncias nacionais e os desafios clim\u00e1ticos. Relat\u00f3rio..<\/p>\n","protected":false},"author":1,"featured_media":0,"parent":0,"menu_order":0,"comment_status":"closed","ping_status":"closed","template":"","meta":{"_acf_changed":false,"inline_featured_image":false,"footnotes":""},"class_list":["post-1259","page","type-page","status-publish","hentry"],"acf":[],"_links":{"self":[{"href":"https:\/\/greenvetchoices.eu\/pt-pt\/wp-json\/wp\/v2\/pages\/1259","targetHints":{"allow":["GET"]}}],"collection":[{"href":"https:\/\/greenvetchoices.eu\/pt-pt\/wp-json\/wp\/v2\/pages"}],"about":[{"href":"https:\/\/greenvetchoices.eu\/pt-pt\/wp-json\/wp\/v2\/types\/page"}],"author":[{"embeddable":true,"href":"https:\/\/greenvetchoices.eu\/pt-pt\/wp-json\/wp\/v2\/users\/1"}],"replies":[{"embeddable":true,"href":"https:\/\/greenvetchoices.eu\/pt-pt\/wp-json\/wp\/v2\/comments?post=1259"}],"version-history":[{"count":4,"href":"https:\/\/greenvetchoices.eu\/pt-pt\/wp-json\/wp\/v2\/pages\/1259\/revisions"}],"predecessor-version":[{"id":1436,"href":"https:\/\/greenvetchoices.eu\/pt-pt\/wp-json\/wp\/v2\/pages\/1259\/revisions\/1436"}],"wp:attachment":[{"href":"https:\/\/greenvetchoices.eu\/pt-pt\/wp-json\/wp\/v2\/media?parent=1259"}],"curies":[{"name":"wp","href":"https:\/\/api.w.org\/{rel}","templated":true}]}}