{"id":641,"date":"2022-02-24T14:11:37","date_gmt":"2022-02-24T14:11:37","guid":{"rendered":"https:\/\/greenvetchoices.eu\/home\/"},"modified":"2024-04-09T09:19:07","modified_gmt":"2024-04-09T09:19:07","slug":"home","status":"publish","type":"page","link":"https:\/\/greenvetchoices.eu\/pt-pt\/","title":{"rendered":"Home"},"content":{"rendered":"<h1>Combater as altera\u00e7\u00f5es clim\u00e1ticas e promover a inova\u00e7\u00e3o, aumentando o interesse nas carreiras verdes de ensino profissional atrav\u00e9s do empoderamento da narrativa digital<\/h1>\n<p>\n    <a href=\"\/pt-pt\/about\">Leia mais\n\n<\/a>\n<\/p>\n<p><img decoding=\"async\" src=\"\/wp-content\/uploads\/2022\/03\/hero-svg-green.png\" alt=\"\"><\/p>\n<div>\n<p>        <img decoding=\"async\" src=\"\/wp-content\/uploads\/2022\/03\/Asset-3.png\" alt=\"\"><\/p>\n<h2>eLearning<\/h2>\n<div>\n<p>O Portal Virtual Green VET Choices ser\u00e1 um ambiente de aprendizado aberto e participativo que usar\u00e1 uma abordagem de narrativa motivadora para capacitar o usu\u00e1rio a tomar suas pr\u00f3prias decis\u00f5es e descobrir mais sobre carreiras verdes. As habilidades e compet\u00eancias digitais ser\u00e3o promovidas por meio de hist\u00f3rias t\u00e9cnicas em um cen\u00e1rio desafiador que levam os usu\u00e1rios a finais de hist\u00f3rias individuais e fornecem resultados de aprendizagem apropriados, quadro de distintivos e um sistema de orienta\u00e7\u00e3o de carreira com uma compila\u00e7\u00e3o de possibilidades e op\u00e7\u00f5es em carreiras profissionais verde. O Portal Visual tamb\u00e9m estar\u00e1 dispon\u00edvel em vers\u00e3o app.<\/p>\n<\/div>\n<p><a href=\"https:\/\/elearning.greenvetchoices.eu\/pt-pt\/\">Leia mais\n\n<\/a><\/p>\n<\/div>\n<h2>Novidades<\/h2>\n<div>\n<\/div>\n<p>\n    <a href=\"https:\/\/greenvetchoices.eu\/pt-pt\/category\/novidades\/\">Veja todas as novidades\n\n<\/a>\n<\/p>\n<p><!--more--><br \/>\n<!-- {\"type\":\"layout\",\"children\":[{\"type\":\"section\",\"props\":{\"style\":\"default\",\"width\":\"default\",\"vertical_align\":\"middle\",\"title_position\":\"top-left\",\"title_rotation\":\"left\",\"title_breakpoint\":\"xl\",\"image_position\":\"center-center\",\"css\":\".el-section{background-color:#4968AF;}\",\"animation\":\"fade\",\"animation_delay\":\"200\"},\"children\":[{\"type\":\"row\",\"props\":{\"layout\":\"1-2,1-2\"},\"children\":[{\"type\":\"column\",\"props\":{\"position_sticky_breakpoint\":\"m\",\"image_position\":\"center-center\",\"media_overlay_gradient\":\"\",\"width_medium\":\"1-2\",\"order_first\":\"l\",\"vertical_align\":\"middle\"},\"children\":[{\"type\":\"headline\",\"props\":{\"title_element\":\"h1\",\"title_color\":\"success\",\"content\":\"Combater as altera\\u00e7\\u00f5es clim\\u00e1ticas e promover a inova\\u00e7\\u00e3o, aumentando o interesse nas carreiras verdes de ensino profissional atrav\\u00e9s do empoderamento da narrativa digital\",\"title_style\":\"h2\",\"css\":\".el-element{color:#fff !important;}\"}},{\"type\":\"button\",\"props\":{\"grid_column_gap\":\"small\",\"grid_row_gap\":\"small\",\"margin\":\"default\"},\"children\":[{\"type\":\"button_item\",\"props\":{\"button_style\":\"primary\",\"icon_align\":\"left\",\"content\":\"[readmore_text]\",\"link\":\"\\\/pt-pt\\\/about\"}}]}]},{\"type\":\"column\",\"props\":{\"position_sticky_breakpoint\":\"m\",\"image_position\":\"center-center\",\"media_overlay_gradient\":\"\",\"width_medium\":\"1-2\",\"order_first\":\"xs\"},\"children\":[{\"type\":\"image\",\"props\":{\"margin\":\"default\",\"image_svg_color\":\"emphasis\",\"image\":\"wp-content\\\/uploads\\\/2022\\\/03\\\/hero-svg-green.png\",\"text_align\":\"center\",\"animation\":\"slide-right\",\"css\":\".el-image{max-width:350px;}\"}}]}]}]},{\"type\":\"section\",\"props\":{\"style\":\"default\",\"width\":\"\",\"vertical_align\":\"middle\",\"title_position\":\"top-left\",\"title_rotation\":\"left\",\"title_breakpoint\":\"xl\",\"image_position\":\"center-center\",\"padding\":\"small\",\"padding_remove_top\":true,\"animation\":\"slide-bottom\",\"animation_delay\":\"00\"},\"children\":[{\"type\":\"row\",\"children\":[{\"type\":\"column\",\"props\":{\"position_sticky_breakpoint\":\"m\",\"image_position\":\"center-center\",\"media_overlay_gradient\":\"\"},\"children\":[{\"type\":\"panel\",\"props\":{\"link_text\":\"[readmore_text]\",\"title_hover_style\":\"reset\",\"title_element\":\"h2\",\"title_align\":\"top\",\"title_grid_width\":\"1-2\",\"title_grid_breakpoint\":\"m\",\"meta_style\":\"meta\",\"meta_align\":\"below-title\",\"meta_element\":\"div\",\"content_column_breakpoint\":\"m\",\"icon_width\":80,\"image_align\":\"left\",\"image_grid_width\":\"1-2\",\"image_grid_breakpoint\":\"m\",\"image_svg_color\":\"emphasis\",\"link_style\":\"primary\",\"margin\":\"default\",\"title\":\"eLearning\",\"content\":\"\n\n<p>O Portal Virtual Green VET Choices ser\\u00e1 um ambiente de aprendizado aberto e participativo que usar\\u00e1 uma abordagem de narrativa motivadora para capacitar o usu\\u00e1rio a tomar suas pr\\u00f3prias decis\\u00f5es e descobrir mais sobre carreiras verdes. As habilidades e compet\\u00eancias digitais ser\\u00e3o promovidas por meio de hist\\u00f3rias t\\u00e9cnicas em um cen\\u00e1rio desafiador que levam os usu\\u00e1rios a finais de hist\\u00f3rias individuais e fornecem resultados de aprendizagem apropriados, quadro de distintivos e um sistema de orienta\\u00e7\\u00e3o de carreira com uma compila\\u00e7\\u00e3o de possibilidades e op\\u00e7\\u00f5es em carreiras profissionais verde. O Portal Visual tamb\\u00e9m estar\\u00e1 dispon\\u00edvel em vers\\u00e3o app.<\\\/p>\",\"image\":\"wp-content\\\/uploads\\\/2022\\\/03\\\/Asset-3.png\",\"title_color\":\"success\",\"link\":\"https:\\\/\\\/elearning.greenvetchoices.eu\\\/pt-pt\\\/\",\"css\":\".el-image{background:#68B54F; padding:30px; }\\n.el-content {padding-top:30px;padding-bottom:30px;}\\n.uk-margin-remove-first-child{padding:30px; display:flex; flex-direction: column; vertical-align:middle;}\\n\",\"animation\":\"slide-bottom\",\"link_target\":true},\"name\":\"left-image-panel\"}]}]}]},{\"type\":\"section\",\"props\":{\"style\":\"default\",\"width\":\"default\",\"vertical_align\":\"middle\",\"title_position\":\"top-left\",\"title_rotation\":\"left\",\"title_breakpoint\":\"xl\",\"image_position\":\"center-center\",\"padding\":\"small\",\"animation\":\"slide-bottom\",\"animation_delay\":\"200\"},\"children\":[{\"type\":\"row\",\"children\":[{\"type\":\"column\",\"props\":{\"position_sticky_breakpoint\":\"m\",\"image_position\":\"center-center\",\"media_overlay_gradient\":\"\"},\"children\":[{\"type\":\"headline\",\"props\":{\"title_element\":\"h2\",\"title_style\":\"h2\",\"title_color\":\"success\",\"text_align\":\"center\",\"content\":\"[news_header]\"}},{\"type\":\"grid\",\"props\":{\"show_title\":true,\"show_meta\":true,\"show_content\":true,\"show_image\":true,\"show_link\":true,\"grid_default\":\"1\",\"grid_medium\":\"3\",\"filter_style\":\"tab\",\"filter_all\":true,\"filter_position\":\"top\",\"filter_align\":\"left\",\"filter_grid_width\":\"auto\",\"filter_grid_breakpoint\":\"m\",\"title_hover_style\":\"reset\",\"title_element\":\"h3\",\"title_align\":\"top\",\"title_grid_width\":\"1-2\",\"title_grid_breakpoint\":\"m\",\"meta_style\":\"meta\",\"meta_align\":\"below-title\",\"meta_element\":\"div\",\"content_column_breakpoint\":\"m\",\"icon_width\":80,\"image_align\":\"top\",\"image_grid_width\":\"1-2\",\"image_grid_breakpoint\":\"m\",\"image_svg_color\":\"emphasis\",\"link_text\":\"\",\"link_style\":\"secondary\",\"margin\":\"default\",\"item_animation\":true,\"panel_style\":\"card-default\",\"class\":\"news-grid\",\"panel_link\":true},\"children\":[{\"type\":\"grid_item\",\"props\":{\"link_text\":\"\"},\"source\":{\"query\":{\"name\":\"posts.customPosts\",\"arguments\":{\"terms\":[],\"category_operator\":\"IN\",\"post_tag_operator\":\"IN\",\"users\":[],\"users_operator\":\"IN\",\"offset\":0,\"limit\":10,\"order\":\"date\",\"order_direction\":\"DESC\"}},\"props\":{\"title\":{\"filters\":{\"search\":\"\"},\"name\":\"title\"},\"content\":{\"filters\":{\"search\":\"\"},\"name\":\"excerpt\"},\"image\":{\"filters\":{\"search\":\"\"},\"name\":\"featuredImage.url\"},\"link\":{\"filters\":{\"search\":\"\"},\"name\":\"link\"}}}}]},{\"type\":\"button\",\"props\":{\"grid_column_gap\":\"small\",\"grid_row_gap\":\"small\",\"margin\":\"default\",\"text_align\":\"center\"},\"children\":[{\"type\":\"button_item\",\"props\":{\"button_style\":\"primary\",\"icon_align\":\"left\",\"content\":\"[all_news_header]\",\"link\":\"https:\\\/\\\/greenvetchoices.eu\\\/pt-pt\\\/category\\\/novidades\\\/\"}}]}]}]}]}],\"version\":\"2.7.26\"} --><\/p>\n","protected":false},"excerpt":{"rendered":"<p>Combater as altera\u00e7\u00f5es clim\u00e1ticas e promover a inova\u00e7\u00e3o, aumentando o interesse nas carreiras verdes de ensino profissional atrav\u00e9s do empoderamento da narrativa digital eLearning O..<\/p>\n","protected":false},"author":1,"featured_media":0,"parent":0,"menu_order":0,"comment_status":"closed","ping_status":"closed","template":"","meta":{"_acf_changed":false,"inline_featured_image":false,"footnotes":""},"class_list":["post-641","page","type-page","status-publish","hentry"],"acf":[],"_links":{"self":[{"href":"https:\/\/greenvetchoices.eu\/pt-pt\/wp-json\/wp\/v2\/pages\/641","targetHints":{"allow":["GET"]}}],"collection":[{"href":"https:\/\/greenvetchoices.eu\/pt-pt\/wp-json\/wp\/v2\/pages"}],"about":[{"href":"https:\/\/greenvetchoices.eu\/pt-pt\/wp-json\/wp\/v2\/types\/page"}],"author":[{"embeddable":true,"href":"https:\/\/greenvetchoices.eu\/pt-pt\/wp-json\/wp\/v2\/users\/1"}],"replies":[{"embeddable":true,"href":"https:\/\/greenvetchoices.eu\/pt-pt\/wp-json\/wp\/v2\/comments?post=641"}],"version-history":[{"count":5,"href":"https:\/\/greenvetchoices.eu\/pt-pt\/wp-json\/wp\/v2\/pages\/641\/revisions"}],"predecessor-version":[{"id":1158,"href":"https:\/\/greenvetchoices.eu\/pt-pt\/wp-json\/wp\/v2\/pages\/641\/revisions\/1158"}],"wp:attachment":[{"href":"https:\/\/greenvetchoices.eu\/pt-pt\/wp-json\/wp\/v2\/media?parent=641"}],"curies":[{"name":"wp","href":"https:\/\/api.w.org\/{rel}","templated":true}]}}