{"id":651,"date":"2022-02-24T14:11:37","date_gmt":"2022-02-24T14:11:37","guid":{"rendered":"https:\/\/greenvetchoices.eu\/elearning\/"},"modified":"2024-04-09T09:19:45","modified_gmt":"2024-04-09T09:19:45","slug":"elearning","status":"publish","type":"page","link":"https:\/\/greenvetchoices.eu\/pt-pt\/elearning\/","title":{"rendered":"eLearning"},"content":{"rendered":"<h1>eLearning<\/h1>\n<div>\n<p>        <img decoding=\"async\" src=\"\/wp-content\/uploads\/2022\/03\/Asset-3.png\" alt=\"\"><\/p>\n<div>\n<p>O Portal Virtual Green VET Choices ser\u00e1 um ambiente de aprendizado aberto e participativo que usar\u00e1 uma abordagem de narrativa motivadora para capacitar o usu\u00e1rio a tomar suas pr\u00f3prias decis\u00f5es e descobrir mais sobre carreiras verdes. As habilidades e compet\u00eancias digitais ser\u00e3o promovidas por meio de hist\u00f3rias de t\u00e9cnicas de cen\u00e1rio baseadas em desafios que levam os usu\u00e1rios a finais de hist\u00f3rias individuais e fornecem resultados de aprendizagem apropriados, uma estrutura de valida\u00e7\u00e3o de crach\u00e1 e um sistema de orienta\u00e7\u00e3o de carreira com uma compila\u00e7\u00e3o de possibilidades e op\u00e7\u00f5es em carreiras verdes do ensino profissional. O Portal Visual tamb\u00e9m estar\u00e1 dispon\u00edvel em vers\u00e3o app.<\/p>\n<\/div>\n<p><a href=\"https:\/\/elearning.greenvetchoices.eu\/pt-pt\/\">Leia mais\n\n<\/a><\/p>\n<\/div>\n<p><!--more--><br \/>\n<!-- {\"type\":\"layout\",\"children\":[{\"type\":\"section\",\"props\":{\"style\":\"default\",\"width\":\"default\",\"vertical_align\":\"middle\",\"title_position\":\"top-left\",\"title_rotation\":\"left\",\"title_breakpoint\":\"xl\",\"image_position\":\"center-center\",\"padding_remove_top\":true},\"children\":[{\"type\":\"row\",\"children\":[{\"type\":\"column\",\"props\":{\"position_sticky_breakpoint\":\"m\",\"image_position\":\"center-center\",\"media_overlay_gradient\":\"\"},\"children\":[{\"type\":\"headline\",\"props\":{\"title_element\":\"h1\",\"content\":\"eLearning\",\"title_color\":\"success\",\"class\":\"uk-h1\"}},{\"type\":\"panel\",\"props\":{\"link_text\":\"[readmore_text]\",\"title_hover_style\":\"reset\",\"title_element\":\"h3\",\"title_align\":\"top\",\"title_grid_width\":\"1-2\",\"title_grid_breakpoint\":\"m\",\"meta_style\":\"meta\",\"meta_align\":\"below-title\",\"meta_element\":\"div\",\"content_column_breakpoint\":\"m\",\"icon_width\":80,\"image_align\":\"left\",\"image_grid_width\":\"1-3\",\"image_grid_breakpoint\":\"m\",\"image_svg_color\":\"emphasis\",\"link_style\":\"primary\",\"margin\":\"default\",\"title\":\"\",\"content\":\"\n\n<p>O Portal Virtual Green VET Choices ser\\u00e1 um ambiente de aprendizado aberto e participativo que usar\\u00e1 uma abordagem de narrativa motivadora para capacitar o usu\\u00e1rio a tomar suas pr\\u00f3prias decis\\u00f5es e descobrir mais sobre carreiras verdes. As habilidades e compet\\u00eancias digitais ser\\u00e3o promovidas por meio de hist\\u00f3rias de t\\u00e9cnicas de cen\\u00e1rio baseadas em desafios que levam os usu\\u00e1rios a finais de hist\\u00f3rias individuais e fornecem resultados de aprendizagem apropriados, uma estrutura de valida\\u00e7\\u00e3o de crach\\u00e1 e um sistema de orienta\\u00e7\\u00e3o de carreira com uma compila\\u00e7\\u00e3o de possibilidades e op\\u00e7\\u00f5es em carreiras verdes do ensino profissional. O Portal Visual tamb\\u00e9m estar\\u00e1 dispon\\u00edvel em vers\\u00e3o app.<\\\/p>\\n\",\"image\":\"wp-content\\\/uploads\\\/2022\\\/03\\\/Asset-3.png\",\"title_color\":\"success\",\"link\":\"https:\\\/\\\/elearning.greenvetchoices.eu\\\/pt-pt\\\/\",\"link_target\":true},\"name\":\"left-image-panel\"}]}]}]}],\"version\":\"2.7.26\"} --><\/p>\n","protected":false},"excerpt":{"rendered":"<p>eLearning O Portal Virtual Green VET Choices ser\u00e1 um ambiente de aprendizado aberto e participativo que usar\u00e1 uma abordagem de narrativa motivadora para capacitar o..<\/p>\n","protected":false},"author":1,"featured_media":0,"parent":0,"menu_order":0,"comment_status":"closed","ping_status":"closed","template":"","meta":{"_acf_changed":false,"inline_featured_image":false,"footnotes":""},"class_list":["post-651","page","type-page","status-publish","hentry"],"acf":[],"_links":{"self":[{"href":"https:\/\/greenvetchoices.eu\/pt-pt\/wp-json\/wp\/v2\/pages\/651","targetHints":{"allow":["GET"]}}],"collection":[{"href":"https:\/\/greenvetchoices.eu\/pt-pt\/wp-json\/wp\/v2\/pages"}],"about":[{"href":"https:\/\/greenvetchoices.eu\/pt-pt\/wp-json\/wp\/v2\/types\/page"}],"author":[{"embeddable":true,"href":"https:\/\/greenvetchoices.eu\/pt-pt\/wp-json\/wp\/v2\/users\/1"}],"replies":[{"embeddable":true,"href":"https:\/\/greenvetchoices.eu\/pt-pt\/wp-json\/wp\/v2\/comments?post=651"}],"version-history":[{"count":4,"href":"https:\/\/greenvetchoices.eu\/pt-pt\/wp-json\/wp\/v2\/pages\/651\/revisions"}],"predecessor-version":[{"id":1160,"href":"https:\/\/greenvetchoices.eu\/pt-pt\/wp-json\/wp\/v2\/pages\/651\/revisions\/1160"}],"wp:attachment":[{"href":"https:\/\/greenvetchoices.eu\/pt-pt\/wp-json\/wp\/v2\/media?parent=651"}],"curies":[{"name":"wp","href":"https:\/\/api.w.org\/{rel}","templated":true}]}}