{"id":1168,"date":"2023-07-04T06:54:29","date_gmt":"2023-07-04T06:54:29","guid":{"rendered":"https:\/\/greenvetchoices.eu\/digital-model\/"},"modified":"2024-07-04T14:09:37","modified_gmt":"2024-07-04T14:09:37","slug":"digital-model","status":"publish","type":"page","link":"https:\/\/greenvetchoices.eu\/sl\/digital-model\/","title":{"rendered":"Digitalni model"},"content":{"rendered":"<div>\n<p><strong>Digitalni model Green VET Choices<\/strong> \u2013 zajema strokovno revijo in video antologijo klju\u010dnih segmentov, ki predstavlja inovativne metodologije in didakti\u010dne koncepte, uporabljene v projektu, ter predstavlja klju\u010dne \u010dlanke strokovnjakov.<\/p>\n<\/div>\n<ul>\n<li>\n        <a href=\"https:\/\/greenvetchoices.eu\/flips\/sl\/flip\/flipbook-plugin\/data\/flipBook.html\">Priro\u010dnik<\/a>\n    <\/li>\n<li>\n        <a href=\"https:\/\/greenvetchoices.eu\/flips\/sl\/GreenVetChoices PR3_SL.pdf\">Prenesi<\/a>\n    <\/li>\n<\/ul>\n<p><iframe src=\"https:\/\/www.youtube.com\/watch?v=tiqPbeGq940\"><\/iframe><br \/>\n<iframe src=\"https:\/\/www.youtube.com\/watch?v=5tgJhP4SXJc\"><\/iframe><br \/>\n<iframe src=\"https:\/\/www.youtube.com\/watch?v=k-znx2qUKv8\"><\/iframe><br \/>\n<iframe src=\"https:\/\/www.youtube.com\/watch?v=pCqyBjfe04c\"><\/iframe><br \/>\n<iframe src=\"https:\/\/www.youtube.com\/watch?v=W-HWX5Ib8xs\"><\/iframe><\/p>\n<p><!--more--><br \/>\n<!-- {\"type\":\"layout\",\"children\":[{\"type\":\"section\",\"props\":{\"style\":\"default\",\"width\":\"default\",\"vertical_align\":\"middle\",\"title_position\":\"top-left\",\"title_rotation\":\"left\",\"title_breakpoint\":\"xl\",\"image_position\":\"center-center\",\"padding_remove_top\":true},\"children\":[{\"type\":\"row\",\"children\":[{\"type\":\"column\",\"props\":{\"position_sticky_breakpoint\":\"m\",\"image_position\":\"center-center\",\"media_overlay_gradient\":\"\"},\"children\":[{\"type\":\"headline\",\"props\":{\"title_element\":\"h1\"},\"source\":{\"query\":{\"name\":\"pages.singlePage\"},\"props\":{\"content\":{\"filters\":{\"search\":\"\"},\"name\":\"title\"}}}},{\"type\":\"text\",\"props\":{\"margin\":\"default\",\"column_breakpoint\":\"m\",\"content\":\"\n\n<p><strong>Digitalni model Green VET Choices<\\\/strong> \\u2013 zajema strokovno revijo in video antologijo klju\\u010dnih segmentov, ki predstavlja inovativne metodologije in didakti\\u010dne koncepte, uporabljene v projektu, ter predstavlja klju\\u010dne \\u010dlanke strokovnjakov.<\\\/p>\"}},{\"type\":\"button\",\"props\":{\"grid_column_gap\":\"small\",\"grid_row_gap\":\"small\",\"margin\":\"default\"},\"children\":[{\"type\":\"button_item\",\"props\":{\"button_style\":\"primary\",\"icon_align\":\"left\",\"link\":\"https:\\\/\\\/greenvetchoices.eu\\\/flips\\\/sl\\\/flip\\\/flipbook-plugin\\\/data\\\/flipBook.html\",\"content\":\"Priro\\u010dnik\",\"link_target\":\"blank\"}},{\"type\":\"button_item\",\"props\":{\"button_style\":\"primary\",\"icon_align\":\"left\",\"link\":\"https:\\\/\\\/greenvetchoices.eu\\\/flips\\\/sl\\\/GreenVetChoices PR3_SL.pdf\",\"content\":\"Prenesi\",\"link_target\":\"blank\"}}]}]}]},{\"type\":\"row\",\"props\":{\"layout\":\"1-2,1-2\"},\"children\":[{\"type\":\"column\",\"props\":{\"position_sticky_breakpoint\":\"m\",\"image_position\":\"center-center\",\"media_overlay_gradient\":\"\",\"width_medium\":\"1-2\"},\"children\":[{\"type\":\"video\",\"props\":{\"video_controls\":true,\"margin\":\"default\",\"video\":\"https:\\\/\\\/www.youtube.com\\\/watch?v=tiqPbeGq940\",\"class\":\"model-videos\",\"text_align\":\"center\"}},{\"type\":\"video\",\"props\":{\"video_controls\":true,\"margin\":\"default\",\"video\":\"https:\\\/\\\/www.youtube.com\\\/watch?v=5tgJhP4SXJc\",\"class\":\"model-videos\",\"text_align\":\"center\"}}]},{\"type\":\"column\",\"props\":{\"position_sticky_breakpoint\":\"m\",\"image_position\":\"center-center\",\"media_overlay_gradient\":\"\",\"width_medium\":\"1-2\"},\"children\":[{\"type\":\"video\",\"props\":{\"video_controls\":true,\"margin\":\"default\",\"video\":\"https:\\\/\\\/www.youtube.com\\\/watch?v=k-znx2qUKv8\",\"class\":\"model-videos\",\"text_align\":\"center\"}},{\"type\":\"video\",\"props\":{\"video_controls\":true,\"margin\":\"default\",\"video\":\"https:\\\/\\\/www.youtube.com\\\/watch?v=pCqyBjfe04c\",\"class\":\"model-videos\",\"text_align\":\"center\"}}]}]},{\"type\":\"row\",\"children\":[{\"type\":\"column\",\"props\":{\"position_sticky_breakpoint\":\"m\",\"image_position\":\"center-center\",\"media_overlay_gradient\":\"\"},\"children\":[{\"type\":\"video\",\"props\":{\"video_controls\":true,\"margin\":\"default\",\"video\":\"https:\\\/\\\/www.youtube.com\\\/watch?v=W-HWX5Ib8xs\",\"class\":\"model-videos\",\"text_align\":\"center\"}}]}]}]}],\"version\":\"2.7.26\"} --><\/p>\n","protected":false},"excerpt":{"rendered":"<p>Digitalni model Green VET Choices \u2013 zajema strokovno revijo in video antologijo klju\u010dnih segmentov, ki predstavlja inovativne metodologije in didakti\u010dne koncepte, uporabljene v projektu, ter..<\/p>\n","protected":false},"author":1,"featured_media":0,"parent":0,"menu_order":0,"comment_status":"closed","ping_status":"closed","template":"","meta":{"_acf_changed":false,"inline_featured_image":false,"footnotes":""},"class_list":["post-1168","page","type-page","status-publish","hentry"],"acf":[],"_links":{"self":[{"href":"https:\/\/greenvetchoices.eu\/sl\/wp-json\/wp\/v2\/pages\/1168","targetHints":{"allow":["GET"]}}],"collection":[{"href":"https:\/\/greenvetchoices.eu\/sl\/wp-json\/wp\/v2\/pages"}],"about":[{"href":"https:\/\/greenvetchoices.eu\/sl\/wp-json\/wp\/v2\/types\/page"}],"author":[{"embeddable":true,"href":"https:\/\/greenvetchoices.eu\/sl\/wp-json\/wp\/v2\/users\/1"}],"replies":[{"embeddable":true,"href":"https:\/\/greenvetchoices.eu\/sl\/wp-json\/wp\/v2\/comments?post=1168"}],"version-history":[{"count":5,"href":"https:\/\/greenvetchoices.eu\/sl\/wp-json\/wp\/v2\/pages\/1168\/revisions"}],"predecessor-version":[{"id":1389,"href":"https:\/\/greenvetchoices.eu\/sl\/wp-json\/wp\/v2\/pages\/1168\/revisions\/1389"}],"wp:attachment":[{"href":"https:\/\/greenvetchoices.eu\/sl\/wp-json\/wp\/v2\/media?parent=1168"}],"curies":[{"name":"wp","href":"https:\/\/api.w.org\/{rel}","templated":true}]}}