{"id":1209,"date":"2023-07-04T06:59:36","date_gmt":"2023-07-04T06:59:36","guid":{"rendered":"https:\/\/greenvetchoices.eu\/project-results\/"},"modified":"2024-07-26T09:34:29","modified_gmt":"2024-07-26T09:34:29","slug":"project-results","status":"publish","type":"page","link":"https:\/\/greenvetchoices.eu\/sl\/project-results\/","title":{"rendered":"Rezultati projekta"},"content":{"rendered":"<div>\n<p>        <img decoding=\"async\" src=\"\/wp-content\/uploads\/2022\/03\/outputs.png\" alt=\"\"><\/p>\n<h3>Rezultati projekta<\/h3>\n<div>\n<ol>\n<li style=\"list-style-type: none;\">\n<ol style=\"padding-left: 0;\">\n<li><span><strong>Poro\u010dilo o raziskavi o zelenih mo\u017enostih poklicnega izobra\u017eevanja in usposabljanja<\/strong> \u2013 ocena zelenih poklicev in prilo\u017enosti poklicnega izobra\u017eevanja in usposabljanja ob upo\u0161tevanju nacionalnih okoli\u0161\u010din in podnebnih izzivov.<\/span><\/li>\n<\/ol>\n<\/li>\n<\/ol>\n<p><a href=\"https:\/\/greenvetchoices.eu\/wp-content\/uploads\/2023\/05\/Green-VET-Choices-Transnational-Survey-Report_final.pdf\" class=\"uk-margin-right uk-button uk-button-primary\">Poro\u010dilo o raziskavi<\/a><a href=\"https:\/\/greenvetchoices.eu\/wp-content\/uploads\/2024\/07\/SLO-Green-VET-Choices-Executive-Summary-Transnational-Survey-Report_SL.pdf\" class=\"uk-button uk-button-primary\">Povzetek<\/a><\/p>\n<ol start=\"2\">\n<li><strong>Virtualni portal Green VET Choices<\/strong> &#8211; odprto in participativno u\u010dno okolje, ki uporablja motivacijski pristop pripovedovanja zgodb, da bi uporabnikom omogo\u010dilo sprejemanje lastnih odlo\u010ditev in dalo ve\u010d informacij o zelenih poklicih.\u00a0<\/li>\n<\/ol>\n<p>    <a href=\"https:\/\/elearning.greenvetchoices.eu\/sl\/\" target=\"_blank\" class=\"uk-margin-right uk-button uk-button-primary\">Virtualna platforma<\/a><\/p>\n<ol start=\"3\">\n<li><strong>Digitalni model Green VET Choices<\/strong> &#8211; vklju\u010duje strokovno revijo in video antologijo klju\u010dnih segmentov, ki predstavlja inovativne metodologije in didakti\u010dne koncepte, uporabljene v projektu, ter uvodne \u010dlanke strokovnjakov..<\/li>\n<\/ol>\n<p><a href=\"https:\/\/greenvetchoices.eu\/sl\/digital-model\" target=\"_blank\" class=\"uk-margin-right uk-button uk-button-primary\" rel=\"noopener\">Oglejte si ve\u010d<\/a><\/p>\n<\/div>\n<\/div>\n<p><!--more--><br \/>\n<!-- {\"type\":\"layout\",\"children\":[{\"type\":\"section\",\"props\":{\"style\":\"default\",\"width\":\"default\",\"vertical_align\":\"middle\",\"title_position\":\"top-left\",\"title_rotation\":\"left\",\"title_breakpoint\":\"xl\",\"image_position\":\"center-center\",\"animation\":\"slide-bottom\",\"animation_delay\":\"200\",\"padding_remove_top\":true},\"children\":[{\"type\":\"row\",\"children\":[{\"type\":\"column\",\"props\":{\"position_sticky_breakpoint\":\"m\",\"image_position\":\"center-center\",\"media_overlay_gradient\":\"\"},\"children\":[{\"type\":\"panel\",\"props\":{\"link_text\":\"Read more\",\"title_hover_style\":\"reset\",\"title_element\":\"h3\",\"title_align\":\"top\",\"title_grid_width\":\"1-2\",\"title_grid_breakpoint\":\"m\",\"meta_style\":\"meta\",\"meta_align\":\"below-title\",\"meta_element\":\"div\",\"content_column_breakpoint\":\"m\",\"icon_width\":80,\"image_align\":\"right\",\"image_grid_width\":\"1-3\",\"image_grid_breakpoint\":\"m\",\"image_svg_color\":\"emphasis\",\"link_style\":\"primary\",\"margin\":\"default\",\"title\":\"Rezultati projekta\",\"content\":\"\n\n<ol>\\n\n\n<li style=\\\"list-style-type: none;\\\">\\n\n\n<ol style=\\\"padding-left: 0;\\\">\\n\n\n<li><span><strong>Poro\\u010dilo o raziskavi o zelenih mo\\u017enostih poklicnega izobra\\u017eevanja in usposabljanja<\\\/strong> \\u2013 ocena zelenih poklicev in prilo\\u017enosti poklicnega izobra\\u017eevanja in usposabljanja ob upo\\u0161tevanju nacionalnih okoli\\u0161\\u010din in podnebnih izzivov.<\\\/span><\\\/li>\\n<\\\/ol>\\n<\\\/li>\\n<\\\/ol>\\n\n\n<p><a href=\\\"https:\\\/\\\/greenvetchoices.eu\\\/wp-content\\\/uploads\\\/2023\\\/05\\\/Green-VET-Choices-Transnational-Survey-Report_final.pdf\\\" class=\\\"uk-margin-right uk-button uk-button-primary\\\">Poro\\u010dilo o raziskavi<\\\/a><a href=\\\"https:\\\/\\\/greenvetchoices.eu\\\/wp-content\\\/uploads\\\/2024\\\/07\\\/SLO-Green-VET-Choices-Executive-Summary-Transnational-Survey-Report_SL.pdf\\\" class=\\\"uk-button uk-button-primary\\\">Povzetek<\\\/a><\\\/p>\\n\n\n<ol start=\\\"2\\\">\\n\n\n<li><strong>Virtualni portal Green VET Choices<\\\/strong> - odprto in participativno u\\u010dno okolje, ki uporablja motivacijski pristop pripovedovanja zgodb, da bi uporabnikom omogo\\u010dilo sprejemanje lastnih odlo\\u010ditev in dalo ve\\u010d informacij o zelenih poklicih.\\u00a0<\\\/li>\\n\\n<\\\/ol>\\n\n\n<p>    <a href=\\\"https:\\\/\\\/elearning.greenvetchoices.eu\\\/sl\\\/\\\" target=\\\"_blank\\\" class=\\\"uk-margin-right uk-button uk-button-primary\\\">Virtualna platforma<\\\/a><\\\/p>\\n\n\n<ol start=\\\"3\\\">\\n\n\n<li><strong>Digitalni model Green VET Choices<\\\/strong> - vklju\\u010duje strokovno revijo in video antologijo klju\\u010dnih segmentov, ki predstavlja inovativne metodologije in didakti\\u010dne koncepte, uporabljene v projektu, ter uvodne \\u010dlanke strokovnjakov..<\\\/li>\\n<\\\/ol>\\n\n\n<p><a href=\\\"https:\\\/\\\/greenvetchoices.eu\\\/sl\\\/digital-model\\\" target=\\\"_blank\\\" class=\\\"uk-margin-right uk-button uk-button-primary\\\" rel=\\\"noopener\\\">Oglejte si ve\\u010d<\\\/a><\\\/p>\",\"image\":\"wp-content\\\/uploads\\\/2022\\\/03\\\/outputs.png\",\"title_color\":\"success\",\"link\":\"\",\"css\":\".el-title {color:#000 !important}\\n.el-image{max-width:200px;}\\n.uk-width-1-3\\\\@m.uk-flex-last\\\\@m{text-align:center;display:flex;justify-content:center;\\nalign-items:center;}\\n\\n\"},\"name\":\"right-image-panel\"}]}]}],\"name\":\"project-results\"}],\"version\":\"2.7.26\"} --><\/p>\n","protected":false},"excerpt":{"rendered":"<p>Rezultati projekta Poro\u010dilo o raziskavi o zelenih mo\u017enostih poklicnega izobra\u017eevanja in usposabljanja \u2013 ocena zelenih poklicev in prilo\u017enosti poklicnega izobra\u017eevanja in usposabljanja ob upo\u0161tevanju nacionalnih..<\/p>\n","protected":false},"author":1,"featured_media":0,"parent":0,"menu_order":0,"comment_status":"closed","ping_status":"closed","template":"","meta":{"_acf_changed":false,"inline_featured_image":false,"footnotes":""},"class_list":["post-1209","page","type-page","status-publish","hentry"],"acf":[],"_links":{"self":[{"href":"https:\/\/greenvetchoices.eu\/sl\/wp-json\/wp\/v2\/pages\/1209","targetHints":{"allow":["GET"]}}],"collection":[{"href":"https:\/\/greenvetchoices.eu\/sl\/wp-json\/wp\/v2\/pages"}],"about":[{"href":"https:\/\/greenvetchoices.eu\/sl\/wp-json\/wp\/v2\/types\/page"}],"author":[{"embeddable":true,"href":"https:\/\/greenvetchoices.eu\/sl\/wp-json\/wp\/v2\/users\/1"}],"replies":[{"embeddable":true,"href":"https:\/\/greenvetchoices.eu\/sl\/wp-json\/wp\/v2\/comments?post=1209"}],"version-history":[{"count":3,"href":"https:\/\/greenvetchoices.eu\/sl\/wp-json\/wp\/v2\/pages\/1209\/revisions"}],"predecessor-version":[{"id":1437,"href":"https:\/\/greenvetchoices.eu\/sl\/wp-json\/wp\/v2\/pages\/1209\/revisions\/1437"}],"wp:attachment":[{"href":"https:\/\/greenvetchoices.eu\/sl\/wp-json\/wp\/v2\/media?parent=1209"}],"curies":[{"name":"wp","href":"https:\/\/api.w.org\/{rel}","templated":true}]}}