{"id":1260,"date":"2023-07-04T06:49:33","date_gmt":"2023-07-04T06:49:33","guid":{"rendered":"https:\/\/greenvetchoices.eu\/survey-report\/"},"modified":"2024-07-26T09:34:42","modified_gmt":"2024-07-26T09:34:42","slug":"survey-report","status":"publish","type":"page","link":"https:\/\/greenvetchoices.eu\/sl\/survey-report\/","title":{"rendered":"Poro\u010dilo o raziskavi"},"content":{"rendered":"<h1>Green VET Choices Poro\u010dilo o raziskavi<\/h1>\n<div>ocena zelenih poklicev in prilo\u017enosti poklicnega izobra\u017eevanja in usposabljanja ob upo\u0161tevanju nacionalnih okoli\u0161\u010din in podnebnih izzivov.<\/div>\n<ul>\n<li>\n        <a href=\"https:\/\/greenvetchoices.eu\/wp-content\/uploads\/2023\/05\/Green-VET-Choices-Transnational-Survey-Report_final.pdf\">Poro\u010dilo o raziskavi<\/a>\n    <\/li>\n<li>\n        <a href=\"https:\/\/greenvetchoices.eu\/wp-content\/uploads\/2024\/07\/SLO-Green-VET-Choices-Executive-Summary-Transnational-Survey-Report_SL.pdf\">Povzetek<\/a>\n    <\/li>\n<\/ul>\n<p><!--more--><br \/>\n<!-- {\"type\":\"layout\",\"children\":[{\"type\":\"section\",\"props\":{\"style\":\"default\",\"width\":\"default\",\"vertical_align\":\"middle\",\"title_position\":\"top-left\",\"title_rotation\":\"left\",\"title_breakpoint\":\"xl\",\"image_position\":\"center-center\",\"padding_remove_top\":true},\"children\":[{\"type\":\"row\",\"children\":[{\"type\":\"column\",\"props\":{\"position_sticky_breakpoint\":\"m\",\"image_position\":\"center-center\",\"media_overlay_gradient\":\"\"},\"children\":[{\"type\":\"headline\",\"props\":{\"title_element\":\"h1\",\"content\":\"Green VET Choices Poro\\u010dilo o raziskavi\"}},{\"type\":\"text\",\"props\":{\"margin\":\"default\",\"column_breakpoint\":\"m\",\"content\":\"ocena zelenih poklicev in prilo\\u017enosti poklicnega izobra\\u017eevanja in usposabljanja ob upo\\u0161tevanju nacionalnih okoli\\u0161\\u010din in podnebnih izzivov.\"}},{\"type\":\"button\",\"props\":{\"grid_column_gap\":\"small\",\"grid_row_gap\":\"small\",\"margin\":\"default\"},\"children\":[{\"type\":\"button_item\",\"props\":{\"button_style\":\"primary\",\"icon_align\":\"left\",\"content\":\"Poro\\u010dilo o raziskavi\",\"link\":\"https:\\\/\\\/greenvetchoices.eu\\\/wp-content\\\/uploads\\\/2023\\\/05\\\/Green-VET-Choices-Transnational-Survey-Report_final.pdf\",\"link_target\":\"blank\"}},{\"type\":\"button_item\",\"props\":{\"button_style\":\"primary\",\"icon_align\":\"left\",\"link\":\"https:\\\/\\\/greenvetchoices.eu\\\/wp-content\\\/uploads\\\/2024\\\/07\\\/SLO-Green-VET-Choices-Executive-Summary-Transnational-Survey-Report_SL.pdf\",\"content\":\"Povzetek\",\"link_target\":\"blank\"}}]}]}]}]}],\"version\":\"2.7.26\"} --><\/p>\n","protected":false},"excerpt":{"rendered":"<p>Green VET Choices Poro\u010dilo o raziskavi ocena zelenih poklicev in prilo\u017enosti poklicnega izobra\u017eevanja in usposabljanja ob upo\u0161tevanju nacionalnih okoli\u0161\u010din in podnebnih izzivov. Poro\u010dilo o raziskavi..<\/p>\n","protected":false},"author":1,"featured_media":0,"parent":0,"menu_order":0,"comment_status":"closed","ping_status":"closed","template":"","meta":{"_acf_changed":false,"inline_featured_image":false,"footnotes":""},"class_list":["post-1260","page","type-page","status-publish","hentry"],"acf":[],"_links":{"self":[{"href":"https:\/\/greenvetchoices.eu\/sl\/wp-json\/wp\/v2\/pages\/1260","targetHints":{"allow":["GET"]}}],"collection":[{"href":"https:\/\/greenvetchoices.eu\/sl\/wp-json\/wp\/v2\/pages"}],"about":[{"href":"https:\/\/greenvetchoices.eu\/sl\/wp-json\/wp\/v2\/types\/page"}],"author":[{"embeddable":true,"href":"https:\/\/greenvetchoices.eu\/sl\/wp-json\/wp\/v2\/users\/1"}],"replies":[{"embeddable":true,"href":"https:\/\/greenvetchoices.eu\/sl\/wp-json\/wp\/v2\/comments?post=1260"}],"version-history":[{"count":3,"href":"https:\/\/greenvetchoices.eu\/sl\/wp-json\/wp\/v2\/pages\/1260\/revisions"}],"predecessor-version":[{"id":1438,"href":"https:\/\/greenvetchoices.eu\/sl\/wp-json\/wp\/v2\/pages\/1260\/revisions\/1438"}],"wp:attachment":[{"href":"https:\/\/greenvetchoices.eu\/sl\/wp-json\/wp\/v2\/media?parent=1260"}],"curies":[{"name":"wp","href":"https:\/\/api.w.org\/{rel}","templated":true}]}}