{"id":652,"date":"2022-02-24T14:11:37","date_gmt":"2022-02-24T14:11:37","guid":{"rendered":"https:\/\/greenvetchoices.eu\/elearning\/"},"modified":"2024-04-09T09:20:48","modified_gmt":"2024-04-09T09:20:48","slug":"elearning","status":"publish","type":"page","link":"https:\/\/greenvetchoices.eu\/sl\/elearning\/","title":{"rendered":"E-u\u010denje"},"content":{"rendered":"<h1>E-u\u010denje<\/h1>\n<div>\n<p>        <img decoding=\"async\" src=\"\/wp-content\/uploads\/2022\/03\/Asset-3.png\" alt=\"\"><\/p>\n<div>\n<p>Virtualni portal Green VET Choices bo odprto in participativno u\u010dno okolje, ki bo uporabljalo pristop motiviranega pripovedovanja zgodb, da bi se uporabnikom omogo\u010dilo sprejemanje lastnih odlo\u010ditev in informiranje o zelenih poklicih. Digitalne spretnosti in kompetence bodo pridobivali preko zgodb scenarijev, ki temeljijo na izzivih, ki nato uporabnike pripeljejo do zaklju\u010dkov posameznih zgodb in jim zagotovijo ustrezne u\u010dne rezultate, okvir za potrjevanje zna\u010dk in sistem kariernega svetovanja z zbirko mo\u017enosti zelenih poklicov poklicnega izobra\u017eevanja in usposabljanja. Virtualni portal bo na voljo tudi kot razli\u010dica aplikacije.<\/p>\n<\/div>\n<p><a href=\"https:\/\/elearning.greenvetchoices.eu\/sl\/\">Preberite ve\u010d<\/a><\/p>\n<\/div>\n<p><!--more--><br \/>\n<!-- {\"type\":\"layout\",\"children\":[{\"type\":\"section\",\"props\":{\"style\":\"default\",\"width\":\"default\",\"vertical_align\":\"middle\",\"title_position\":\"top-left\",\"title_rotation\":\"left\",\"title_breakpoint\":\"xl\",\"image_position\":\"center-center\",\"padding_remove_top\":true},\"children\":[{\"type\":\"row\",\"children\":[{\"type\":\"column\",\"props\":{\"position_sticky_breakpoint\":\"m\",\"image_position\":\"center-center\",\"media_overlay_gradient\":\"\"},\"children\":[{\"type\":\"headline\",\"props\":{\"title_element\":\"h1\",\"content\":\"E-u\\u010denje\",\"title_color\":\"success\",\"class\":\"uk-h1\"}},{\"type\":\"panel\",\"props\":{\"link_text\":\"[readmore_text]\",\"title_hover_style\":\"reset\",\"title_element\":\"h3\",\"title_align\":\"top\",\"title_grid_width\":\"1-2\",\"title_grid_breakpoint\":\"m\",\"meta_style\":\"meta\",\"meta_align\":\"below-title\",\"meta_element\":\"div\",\"content_column_breakpoint\":\"m\",\"icon_width\":80,\"image_align\":\"left\",\"image_grid_width\":\"1-3\",\"image_grid_breakpoint\":\"m\",\"image_svg_color\":\"emphasis\",\"link_style\":\"primary\",\"margin\":\"default\",\"title\":\"\",\"content\":\"\n\n<p>Virtualni portal Green VET Choices bo odprto in participativno u\\u010dno okolje, ki bo uporabljalo pristop motiviranega pripovedovanja zgodb, da bi se uporabnikom omogo\\u010dilo sprejemanje lastnih odlo\\u010ditev in informiranje o zelenih poklicih. Digitalne spretnosti in kompetence bodo pridobivali preko zgodb scenarijev, ki temeljijo na izzivih, ki nato uporabnike pripeljejo do zaklju\\u010dkov posameznih zgodb in jim zagotovijo ustrezne u\\u010dne rezultate, okvir za potrjevanje zna\\u010dk in sistem kariernega svetovanja z zbirko mo\\u017enosti zelenih poklicov poklicnega izobra\\u017eevanja in usposabljanja. Virtualni portal bo na voljo tudi kot razli\\u010dica aplikacije.<\\\/p>\\n\",\"image\":\"wp-content\\\/uploads\\\/2022\\\/03\\\/Asset-3.png\",\"title_color\":\"success\",\"link\":\"https:\\\/\\\/elearning.greenvetchoices.eu\\\/sl\\\/\",\"link_target\":true},\"name\":\"left-image-panel\"}]}]}]}],\"version\":\"2.7.26\"} --><\/p>\n","protected":false},"excerpt":{"rendered":"<p>E-u\u010denje Virtualni portal Green VET Choices bo odprto in participativno u\u010dno okolje, ki bo uporabljalo pristop motiviranega pripovedovanja zgodb, da bi se uporabnikom omogo\u010dilo sprejemanje..<\/p>\n","protected":false},"author":1,"featured_media":0,"parent":0,"menu_order":0,"comment_status":"closed","ping_status":"closed","template":"","meta":{"_acf_changed":false,"inline_featured_image":false,"footnotes":""},"class_list":["post-652","page","type-page","status-publish","hentry"],"acf":[],"_links":{"self":[{"href":"https:\/\/greenvetchoices.eu\/sl\/wp-json\/wp\/v2\/pages\/652","targetHints":{"allow":["GET"]}}],"collection":[{"href":"https:\/\/greenvetchoices.eu\/sl\/wp-json\/wp\/v2\/pages"}],"about":[{"href":"https:\/\/greenvetchoices.eu\/sl\/wp-json\/wp\/v2\/types\/page"}],"author":[{"embeddable":true,"href":"https:\/\/greenvetchoices.eu\/sl\/wp-json\/wp\/v2\/users\/1"}],"replies":[{"embeddable":true,"href":"https:\/\/greenvetchoices.eu\/sl\/wp-json\/wp\/v2\/comments?post=652"}],"version-history":[{"count":5,"href":"https:\/\/greenvetchoices.eu\/sl\/wp-json\/wp\/v2\/pages\/652\/revisions"}],"predecessor-version":[{"id":1163,"href":"https:\/\/greenvetchoices.eu\/sl\/wp-json\/wp\/v2\/pages\/652\/revisions\/1163"}],"wp:attachment":[{"href":"https:\/\/greenvetchoices.eu\/sl\/wp-json\/wp\/v2\/media?parent=652"}],"curies":[{"name":"wp","href":"https:\/\/api.w.org\/{rel}","templated":true}]}}